{"id":624,"date":"2019-03-18T15:36:02","date_gmt":"2019-03-18T15:36:02","guid":{"rendered":"https:\/\/www.guenther-muelverstedt.de\/?page_id=624"},"modified":"2021-03-05T10:53:29","modified_gmt":"2021-03-05T10:53:29","slug":"aufgabengebiete","status":"publish","type":"page","link":"https:\/\/www.guenther-muelverstedt.de\/index.php\/schwerpunkte\/aufgabengebiete\/","title":{"rendered":"Aufgabengebiete"},"content":{"rendered":"\n<p><strong>Finanzbuchhaltung<\/strong><\/p>\n\n\n\n<ul class=\"wp-block-list\"><li>Anlagenbuchhaltung<\/li><li>F\u00f6rdermittel\/Sonderposten<\/li><li>Bestandsbewertung inkl. Abwertung und Anzahlungsvorg\u00e4nge<\/li><li>Liquidit\u00e4tsmanagement<\/li><li>Debitoren<\/li><li>Kreditoren<\/li><li>Steuern (Umsatzsteuervoranmeldung sowie Jahreserkl\u00e4rung, GewSt., KSt., latente Steuern usw.)<\/li><\/ul>\n\n\n\n<p><strong>Controlling<\/strong><\/p>\n\n\n\n<ul class=\"wp-block-list\"><li>Kostenstellenrechnung<\/li><li>Kostenartenrechnung<\/li><li>Kostentr\u00e4gerrechnung<\/li><li>Deckungsbeitragsrechnung<\/li><li>Profitcenterrechnung<\/li><li>Projektabrechnung<\/li><li>Produktgruppenergebnisrechnung<\/li><\/ul>\n\n\n\n<p><strong>Personal<\/strong><\/p>\n\n\n\n<ul class=\"wp-block-list\"><li>Personalabrechnungen<\/li><li>Recruiting<\/li><li>Restrukturierungen<\/li><li>Betriebliches Wiedereingliederungsmanagement (BEM)<\/li><li>Reporting<\/li><li>Personalmanagement (Mitarbeiter-, Entwicklungs- und Feedbackgespr\u00e4che)<\/li><li>Betriebsteilabspaltungen gem. \u00a7 613a BGB<\/li><\/ul>\n\n\n\n<p><strong>Einkauf<\/strong><\/p>\n\n\n\n<ul class=\"wp-block-list\"><li>Lieferantenmanagement<\/li><li>make-or-buy Entscheidungen<\/li><li>operativer und strategischer Einkauf<\/li><li>Preisverhandlungen<\/li><\/ul>\n","protected":false},"excerpt":{"rendered":"<p>Finanzbuchhaltung Anlagenbuchhaltung F\u00f6rdermittel\/Sonderposten Bestandsbewertung inkl. Abwertung und Anzahlungsvorg\u00e4nge Liquidit\u00e4tsmanagement Debitoren Kreditoren Steuern (Umsatzsteuervoranmeldung sowie Jahreserkl\u00e4rung, GewSt., KSt., latente Steuern usw.) Controlling Kostenstellenrechnung Kostenartenrechnung Kostentr\u00e4gerrechnung Deckungsbeitragsrechnung Profitcenterrechnung Projektabrechnung Produktgruppenergebnisrechnung Personal Personalabrechnungen Recruiting Restrukturierungen Betriebliches Wiedereingliederungsmanagement (BEM) Reporting Personalmanagement (Mitarbeiter-, Entwicklungs- und Feedbackgespr\u00e4che) Betriebsteilabspaltungen gem. \u00a7 613a BGB Einkauf Lieferantenmanagement make-or-buy Entscheidungen operativer und strategischer Einkauf Preisverhandlungen<\/p>\n","protected":false},"author":1,"featured_media":0,"parent":569,"menu_order":2,"comment_status":"closed","ping_status":"closed","template":"","meta":{"footnotes":""},"class_list":["post-624","page","type-page","status-publish","hentry"],"_links":{"self":[{"href":"https:\/\/www.guenther-muelverstedt.de\/index.php\/wp-json\/wp\/v2\/pages\/624","targetHints":{"allow":["GET"]}}],"collection":[{"href":"https:\/\/www.guenther-muelverstedt.de\/index.php\/wp-json\/wp\/v2\/pages"}],"about":[{"href":"https:\/\/www.guenther-muelverstedt.de\/index.php\/wp-json\/wp\/v2\/types\/page"}],"author":[{"embeddable":true,"href":"https:\/\/www.guenther-muelverstedt.de\/index.php\/wp-json\/wp\/v2\/users\/1"}],"replies":[{"embeddable":true,"href":"https:\/\/www.guenther-muelverstedt.de\/index.php\/wp-json\/wp\/v2\/comments?post=624"}],"version-history":[{"count":3,"href":"https:\/\/www.guenther-muelverstedt.de\/index.php\/wp-json\/wp\/v2\/pages\/624\/revisions"}],"predecessor-version":[{"id":656,"href":"https:\/\/www.guenther-muelverstedt.de\/index.php\/wp-json\/wp\/v2\/pages\/624\/revisions\/656"}],"up":[{"embeddable":true,"href":"https:\/\/www.guenther-muelverstedt.de\/index.php\/wp-json\/wp\/v2\/pages\/569"}],"wp:attachment":[{"href":"https:\/\/www.guenther-muelverstedt.de\/index.php\/wp-json\/wp\/v2\/media?parent=624"}],"curies":[{"name":"wp","href":"https:\/\/api.w.org\/{rel}","templated":true}]}}