{"id":564,"date":"2019-03-18T14:10:33","date_gmt":"2019-03-18T14:10:33","guid":{"rendered":"https:\/\/www.guenther-muelverstedt.de\/?page_id=564"},"modified":"2021-03-05T10:53:23","modified_gmt":"2021-03-05T10:53:23","slug":"leistungsspektrum","status":"publish","type":"page","link":"https:\/\/www.guenther-muelverstedt.de\/index.php\/schwerpunkte\/leistungsspektrum\/","title":{"rendered":"Aufgabenbereiche"},"content":{"rendered":"\n<p><strong>Interim Management<\/strong><\/p>\n\n\n\n<ul class=\"wp-block-list\"><li>Finanzbuchhaltung<\/li><li>Controlling<\/li><li>Personal<\/li><li>Einkauf<\/li><li>Hands-on<ul><li>\u00dcbernahme von operativen Aufgaben (intern und extern)<\/li><li>Erstellung von Auswertungen (Professional Excel und ERP-Systeme)<\/li><li>Optimierung von Aufgaben und deren Abarbeitung<\/li><li>effektive und effiziente Arbeitsmethodiken<\/li><\/ul><\/li><\/ul>\n\n\n\n<p><strong>Beratung<\/strong><\/p>\n\n\n\n<ul class=\"wp-block-list\"><li>Optimierung von Arbeitsabl\u00e4ufen im Finance Bereich<\/li><li>Einf\u00fchrung und Optimierung von Controllingsystemen<\/li><li>Einf\u00fchrung moderner Personalmanagementsystemen<\/li><li>Lieferantenmanagement<\/li><li>Optimierung von Aufbau- und Ablauforganisationen<\/li><li>Kosten- und Leistungsrechnung<\/li><li>Kostentr\u00e4gerrechnungen bzw. &#8211; kalkulationen<\/li><\/ul>\n\n\n\n<p><\/p>\n","protected":false},"excerpt":{"rendered":"<p>Interim Management Finanzbuchhaltung Controlling Personal Einkauf Hands-on \u00dcbernahme von operativen Aufgaben (intern und extern) Erstellung von Auswertungen (Professional Excel und ERP-Systeme) Optimierung von Aufgaben und deren Abarbeitung effektive und effiziente Arbeitsmethodiken Beratung Optimierung von Arbeitsabl\u00e4ufen im Finance Bereich Einf\u00fchrung und Optimierung von Controllingsystemen Einf\u00fchrung moderner Personalmanagementsystemen Lieferantenmanagement Optimierung von Aufbau- und Ablauforganisationen Kosten- und Leistungsrechnung<\/p><\/div>\n<div class=\"blog-btn\"><a href=\"https:\/\/www.guenther-muelverstedt.de\/index.php\/schwerpunkte\/leistungsspektrum\/\" class=\"home-blog-btn\">Weiterlesen<\/a><\/p>\n","protected":false},"author":1,"featured_media":0,"parent":569,"menu_order":1,"comment_status":"closed","ping_status":"closed","template":"","meta":{"footnotes":""},"class_list":["post-564","page","type-page","status-publish","hentry"],"_links":{"self":[{"href":"https:\/\/www.guenther-muelverstedt.de\/index.php\/wp-json\/wp\/v2\/pages\/564","targetHints":{"allow":["GET"]}}],"collection":[{"href":"https:\/\/www.guenther-muelverstedt.de\/index.php\/wp-json\/wp\/v2\/pages"}],"about":[{"href":"https:\/\/www.guenther-muelverstedt.de\/index.php\/wp-json\/wp\/v2\/types\/page"}],"author":[{"embeddable":true,"href":"https:\/\/www.guenther-muelverstedt.de\/index.php\/wp-json\/wp\/v2\/users\/1"}],"replies":[{"embeddable":true,"href":"https:\/\/www.guenther-muelverstedt.de\/index.php\/wp-json\/wp\/v2\/comments?post=564"}],"version-history":[{"count":7,"href":"https:\/\/www.guenther-muelverstedt.de\/index.php\/wp-json\/wp\/v2\/pages\/564\/revisions"}],"predecessor-version":[{"id":655,"href":"https:\/\/www.guenther-muelverstedt.de\/index.php\/wp-json\/wp\/v2\/pages\/564\/revisions\/655"}],"up":[{"embeddable":true,"href":"https:\/\/www.guenther-muelverstedt.de\/index.php\/wp-json\/wp\/v2\/pages\/569"}],"wp:attachment":[{"href":"https:\/\/www.guenther-muelverstedt.de\/index.php\/wp-json\/wp\/v2\/media?parent=564"}],"curies":[{"name":"wp","href":"https:\/\/api.w.org\/{rel}","templated":true}]}}