{"id":399,"date":"2019-02-16T09:41:36","date_gmt":"2019-02-16T09:41:36","guid":{"rendered":"https:\/\/www.guenther-muelverstedt.de\/?page_id=399"},"modified":"2020-09-02T09:40:11","modified_gmt":"2020-09-02T09:40:11","slug":"skills","status":"publish","type":"page","link":"https:\/\/www.guenther-muelverstedt.de\/index.php\/skills\/","title":{"rendered":"Skills"},"content":{"rendered":"\n<ul class=\"wp-block-list\"><li><strong>Sprachkenntnisse<\/strong><ul><li>Deutsch, Muttersprache<\/li><li>Englisch, gut in Wort und Schrift (Sprachniveau B1)<\/li><\/ul><\/li><li><strong>IT-Kenntnisse<\/strong><ul><li>Microsoft Office (Excel, Word, Power Point)<\/li><li>SAP R\/3<\/li><li>MS Dynamics\/NAVISION 2013<\/li><li>ABAS<\/li><li>hohe Affinit\u00e4t zur IT (u.a. VBA, IT-Systemauditor bei PwC)<\/li><\/ul><\/li><li><strong>Weiterbildungen\/Qualifikationen<\/strong><ul><li>Weiterbildungen Personalrecht<\/li><li>Weiterbildung Steuerrecht (Umsatzsteuer)<\/li><li>Weiterbildung Wirtschaftsvertragsrecht (Arten und Besonderheiten von Vertr\u00e4gen)<\/li><li>diverse Programme bei PwC<\/li><li>Managementprogramm f\u00fcr F\u00fchrungskr\u00e4fte \u00fcber Gesellschafter Possehl (Malik Management-Team, St. Gallen) \u2013 mehrere Module und Tage<\/li><\/ul><\/li><li><strong>usw.<\/strong><\/li><\/ul>\n\n\n\n<p><\/p>\n\n\n\n<p><\/p>\n","protected":false},"excerpt":{"rendered":"<p>Sprachkenntnisse Deutsch, Muttersprache Englisch, gut in Wort und Schrift (Sprachniveau B1) IT-Kenntnisse Microsoft Office (Excel, Word, Power Point) SAP R\/3 MS Dynamics\/NAVISION 2013 ABAS hohe Affinit\u00e4t zur IT (u.a. VBA, IT-Systemauditor bei PwC) Weiterbildungen\/Qualifikationen Weiterbildungen Personalrecht Weiterbildung Steuerrecht (Umsatzsteuer) Weiterbildung Wirtschaftsvertragsrecht (Arten und Besonderheiten von Vertr\u00e4gen) diverse Programme bei PwC Managementprogramm f\u00fcr F\u00fchrungskr\u00e4fte \u00fcber Gesellschafter<\/p><\/div>\n<div class=\"blog-btn\"><a href=\"https:\/\/www.guenther-muelverstedt.de\/index.php\/skills\/\" class=\"home-blog-btn\">Weiterlesen<\/a><\/p>\n","protected":false},"author":1,"featured_media":0,"parent":0,"menu_order":1,"comment_status":"closed","ping_status":"closed","template":"","meta":{"footnotes":""},"class_list":["post-399","page","type-page","status-publish","hentry"],"_links":{"self":[{"href":"https:\/\/www.guenther-muelverstedt.de\/index.php\/wp-json\/wp\/v2\/pages\/399","targetHints":{"allow":["GET"]}}],"collection":[{"href":"https:\/\/www.guenther-muelverstedt.de\/index.php\/wp-json\/wp\/v2\/pages"}],"about":[{"href":"https:\/\/www.guenther-muelverstedt.de\/index.php\/wp-json\/wp\/v2\/types\/page"}],"author":[{"embeddable":true,"href":"https:\/\/www.guenther-muelverstedt.de\/index.php\/wp-json\/wp\/v2\/users\/1"}],"replies":[{"embeddable":true,"href":"https:\/\/www.guenther-muelverstedt.de\/index.php\/wp-json\/wp\/v2\/comments?post=399"}],"version-history":[{"count":11,"href":"https:\/\/www.guenther-muelverstedt.de\/index.php\/wp-json\/wp\/v2\/pages\/399\/revisions"}],"predecessor-version":[{"id":657,"href":"https:\/\/www.guenther-muelverstedt.de\/index.php\/wp-json\/wp\/v2\/pages\/399\/revisions\/657"}],"wp:attachment":[{"href":"https:\/\/www.guenther-muelverstedt.de\/index.php\/wp-json\/wp\/v2\/media?parent=399"}],"curies":[{"name":"wp","href":"https:\/\/api.w.org\/{rel}","templated":true}]}}