{"id":356,"date":"2019-01-28T15:23:24","date_gmt":"2019-01-28T15:23:24","guid":{"rendered":"https:\/\/www.guenther-muelverstedt.de\/index.php\/contact\/"},"modified":"2019-03-11T13:16:12","modified_gmt":"2019-03-11T13:16:12","slug":"contact","status":"publish","type":"page","link":"https:\/\/www.guenther-muelverstedt.de\/index.php\/contact\/","title":{"rendered":"Kontakt"},"content":{"rendered":"\n<p>G\u00fcnther M\u00fclverstedt<\/p>\n\n\n\n<p>Ottenh\u00e4user Stra\u00dfe 32<\/p>\n\n\n\n<p>99718 Greu\u00dfen<\/p>\n\n\n\n<p>Telefon: 01716337100<\/p>\n\n\n\n<p>E-Mail: guenther_muelverstedt@web.de<\/p>\n\n\n\n<p>Internet: www.guenther-muelverstedt.de<\/p>\n\n\n\n<p>skype: guenther_muelverstedt_1<\/p>\n","protected":false},"excerpt":{"rendered":"<p>G\u00fcnther M\u00fclverstedt Ottenh\u00e4user Stra\u00dfe 32 99718 Greu\u00dfen Telefon: 01716337100 E-Mail: guenther_muelverstedt@web.de Internet: www.guenther-muelverstedt.de skype: guenther_muelverstedt_1<\/p>\n","protected":false},"author":1,"featured_media":0,"parent":0,"menu_order":4,"comment_status":"open","ping_status":"closed","template":"template\/template-contact.php","meta":{"footnotes":""},"class_list":["post-356","page","type-page","status-publish","hentry"],"_links":{"self":[{"href":"https:\/\/www.guenther-muelverstedt.de\/index.php\/wp-json\/wp\/v2\/pages\/356","targetHints":{"allow":["GET"]}}],"collection":[{"href":"https:\/\/www.guenther-muelverstedt.de\/index.php\/wp-json\/wp\/v2\/pages"}],"about":[{"href":"https:\/\/www.guenther-muelverstedt.de\/index.php\/wp-json\/wp\/v2\/types\/page"}],"author":[{"embeddable":true,"href":"https:\/\/www.guenther-muelverstedt.de\/index.php\/wp-json\/wp\/v2\/users\/1"}],"replies":[{"embeddable":true,"href":"https:\/\/www.guenther-muelverstedt.de\/index.php\/wp-json\/wp\/v2\/comments?post=356"}],"version-history":[{"count":6,"href":"https:\/\/www.guenther-muelverstedt.de\/index.php\/wp-json\/wp\/v2\/pages\/356\/revisions"}],"predecessor-version":[{"id":530,"href":"https:\/\/www.guenther-muelverstedt.de\/index.php\/wp-json\/wp\/v2\/pages\/356\/revisions\/530"}],"wp:attachment":[{"href":"https:\/\/www.guenther-muelverstedt.de\/index.php\/wp-json\/wp\/v2\/media?parent=356"}],"curies":[{"name":"wp","href":"https:\/\/api.w.org\/{rel}","templated":true}]}}